{"id":708,"date":"2023-12-04T18:25:09","date_gmt":"2023-12-04T17:25:09","guid":{"rendered":"https:\/\/eddiebakerbcn.com\/?page_id=708"},"modified":"2025-07-21T20:21:56","modified_gmt":"2025-07-21T18:21:56","slug":"asesoriagastronomica","status":"publish","type":"page","link":"https:\/\/eddiebakerbcn.com\/index.php\/asesoriagastronomica\/","title":{"rendered":""},"content":{"rendered":"\n<div class=\"wp-block-cover alignfull\" style=\"min-height:333px;aspect-ratio:unset;\"><img fetchpriority=\"high\" decoding=\"async\" width=\"900\" height=\"1355\" class=\"wp-block-cover__image-background wp-image-443\" alt=\"\" src=\"http:\/\/eddiebakerbcn.com\/wp-content\/uploads\/2023\/11\/PORTFOLIO-ARTE-VERTICAL_0026_EDDIEBAKER-PANES-2-54.jpg\" style=\"object-position:44% 58%\" data-object-fit=\"cover\" data-object-position=\"44% 58%\" srcset=\"https:\/\/eddiebakerbcn.com\/wp-content\/uploads\/2023\/11\/PORTFOLIO-ARTE-VERTICAL_0026_EDDIEBAKER-PANES-2-54.jpg 900w, https:\/\/eddiebakerbcn.com\/wp-content\/uploads\/2023\/11\/PORTFOLIO-ARTE-VERTICAL_0026_EDDIEBAKER-PANES-2-54-199x300.jpg 199w, https:\/\/eddiebakerbcn.com\/wp-content\/uploads\/2023\/11\/PORTFOLIO-ARTE-VERTICAL_0026_EDDIEBAKER-PANES-2-54-680x1024.jpg 680w, https:\/\/eddiebakerbcn.com\/wp-content\/uploads\/2023\/11\/PORTFOLIO-ARTE-VERTICAL_0026_EDDIEBAKER-PANES-2-54-768x1156.jpg 768w, https:\/\/eddiebakerbcn.com\/wp-content\/uploads\/2023\/11\/PORTFOLIO-ARTE-VERTICAL_0026_EDDIEBAKER-PANES-2-54-600x903.jpg 600w\" sizes=\"(max-width: 900px) 100vw, 900px\" \/><span aria-hidden=\"true\" class=\"wp-block-cover__background has-background-dim-30 has-background-dim\"><\/span><div class=\"wp-block-cover__inner-container is-layout-flow wp-block-cover-is-layout-flow\">\n<p><\/p>\n\n\n\n<h1 class=\"wp-block-heading has-text-align-center has-white-color has-text-color\">Asesorias Gastron\u00f3micas <\/h1>\n<\/div><\/div>\n\n\n\n<div style=\"height:66px\" aria-hidden=\"true\" class=\"wp-block-spacer\"><\/div>\n\n\n\n<div class=\"wp-block-media-text is-stacked-on-mobile\"><figure class=\"wp-block-media-text__media\"><img decoding=\"async\" width=\"680\" height=\"1024\" src=\"http:\/\/eddiebakerbcn.com\/wp-content\/uploads\/2023\/11\/PORTFOLIO-ARTE-VERTICAL_0010_PIZZA-PADELLINA-JAMON-MELON-5-680x1024.jpg\" alt=\"\" class=\"wp-image-427 size-full\" srcset=\"https:\/\/eddiebakerbcn.com\/wp-content\/uploads\/2023\/11\/PORTFOLIO-ARTE-VERTICAL_0010_PIZZA-PADELLINA-JAMON-MELON-5-680x1024.jpg 680w, https:\/\/eddiebakerbcn.com\/wp-content\/uploads\/2023\/11\/PORTFOLIO-ARTE-VERTICAL_0010_PIZZA-PADELLINA-JAMON-MELON-5-199x300.jpg 199w, https:\/\/eddiebakerbcn.com\/wp-content\/uploads\/2023\/11\/PORTFOLIO-ARTE-VERTICAL_0010_PIZZA-PADELLINA-JAMON-MELON-5-768x1156.jpg 768w, https:\/\/eddiebakerbcn.com\/wp-content\/uploads\/2023\/11\/PORTFOLIO-ARTE-VERTICAL_0010_PIZZA-PADELLINA-JAMON-MELON-5-600x903.jpg 600w, https:\/\/eddiebakerbcn.com\/wp-content\/uploads\/2023\/11\/PORTFOLIO-ARTE-VERTICAL_0010_PIZZA-PADELLINA-JAMON-MELON-5.jpg 900w\" sizes=\"(max-width: 680px) 100vw, 680px\" \/><\/figure><div class=\"wp-block-media-text__content\">\n<p class=\"has-large-font-size\" style=\"font-style:normal;font-weight:900\"><strong>MEJORA LA RENTABILIDAD DE TU PROYECTO Y LA CALIDAD DE TUS PRODUCTOS Y RECETAS<\/strong><\/p>\n\n\n\n<p style=\"font-style:normal;font-weight:100\">He creado un <strong>servicio de asesoramiento gastron\u00f3mico profesional <\/strong>en constante evoluci\u00f3n con nuevas ideas, desarrollo de men\u00fas, m\u00e9todos para simplificar procesos y facilitar el ritmo a los equipos de trabajo en hosteler\u00cda, teniendo en cuenta sus prioridades particulares.  <\/p>\n\n\n\n<p>Este es un servicio innovador ya que esta <strong>especializado en el trabajo con masas de todo tipo y fermentaciones<\/strong>, ideal para proyectos de hosteler\u00cda que trabajan este tipo de productos, ya sean panader\u00edas, pasteler\u00edas, pizzerias o restaurantes.<\/p>\n\n\n\n<p>Por mi experiencia profesional en el sector s\u00e9 lo dif\u00edcil que es encontrar tiempo para reunir equipos, crear nuevas ideas, recetas o men\u00fas. Tambi\u00e9n para probar nuevas t\u00e9cnicas o mejorar procesos de producci\u00f3n que podr\u00edan ahorrarnos un mont\u00f3n de tiempo y dinero.<\/p>\n\n\n\n<p>Por eso decid\u00ed ofrecer este servicio de asesor\u00eda especializada, para darte la tranquilidad de seguir tu proyecto y no tener que pausarlo mientras se hacen todas las mejoras necesarias. Tambi\u00e9n para poder aprovechar bien tus vacaciones, disfrutando de todos tus d\u00edas de libres&nbsp;por ejemplo, ya que puedo encargarme de tu masa madre mientras estas fuera y dejarla lista para cuando vuelvas, este es un nuevo servicio que ofrezco desde hace poco a ciertos clientes.<\/p>\n\n\n\n<p><\/p>\n<\/div><\/div>\n\n\n\n<blockquote class=\"wp-block-quote is-layout-flow wp-block-quote-is-layout-flow\">\n<p class=\"has-text-align-center has-medium-font-size\"><em><strong>La idea es que puedas seguir con tus procesos habituales y al mismo tiempo poder mejorar el rendimiento <br>de tu negocio y la calidad de los productos que ofreces si tener que dedicarle un tiempo extra.<\/strong><\/em><\/p>\n<\/blockquote>\n\n\n\n<div style=\"height:8px\" aria-hidden=\"true\" class=\"wp-block-spacer\"><\/div>\n\n\n\n<div class=\"wp-block-media-text has-media-on-the-right is-stacked-on-mobile has-nv-light-bg-background-color has-background\"><div class=\"wp-block-media-text__content\">\n<p class=\"has-large-font-size\"><strong>SERVICIOS DE ASESORIA<\/strong><\/p>\n\n\n\n<ul class=\"wp-block-list\">\n<li><strong><em>Creaci\u00f3n de nuevas recetas y men\u00fas.<\/em><\/strong><\/li>\n\n\n\n<li><strong><em>Nuevas t\u00e9cnicas de amasado adaptadas a los horarios y necesidades de cada cliente.<\/em><\/strong><\/li>\n\n\n\n<li><strong><em>Gesti\u00f3n y cuidado de masa madre y otros pre fermentos.<\/em><\/strong><\/li>\n\n\n\n<li><strong><em>Presentaci\u00f3n de nuevos productos con los que mejorar las elaboraciones de cada proyecto, como la harina del Molino Paolo Mariani de la que soy brand embassador.<\/em><\/strong><\/li>\n<\/ul>\n\n\n\n<p>Gracias a todos estos servicios podr\u00e1s mejorar la calidad de tus productos y el rendimiento de los mismos mientras tu y tus trabajadores os pod\u00e9is dedicar a vuestras tareas sin preocuparos de perder tiempo en estos aspectos que pueden hacerse sin parar la producci\u00f3n. <\/p>\n\n\n\n<p>Tambi\u00e9n pudiendo aprovechar al m\u00e1ximo los d\u00edas de descanso por ejemplo usando mi<strong> servicio de gesti\u00f3n de Masa Madre<\/strong>, con el que podr\u00e1s irte tranquilo a descansar mientras yo cuido tu masa madre u otros pre fermentos para que cuando llegues los tengas listos para volver al trabajo.<\/p>\n\n\n\n<p><strong>-\u00bfD\u00d3NDE?<\/strong><br>Las asesor\u00edas se pueden realizar tanto en tu local como en mi taller, en Sant Just Desvern. <\/p>\n<\/div><figure class=\"wp-block-media-text__media\"><img decoding=\"async\" width=\"680\" height=\"1024\" src=\"http:\/\/eddiebakerbcn.com\/wp-content\/uploads\/2023\/11\/PORTFOLIO-ARTE-VERTICAL_0021_EDDIEBAKER-PANES-2-97-680x1024.jpg\" alt=\"\" class=\"wp-image-438 size-full\" srcset=\"https:\/\/eddiebakerbcn.com\/wp-content\/uploads\/2023\/11\/PORTFOLIO-ARTE-VERTICAL_0021_EDDIEBAKER-PANES-2-97-680x1024.jpg 680w, https:\/\/eddiebakerbcn.com\/wp-content\/uploads\/2023\/11\/PORTFOLIO-ARTE-VERTICAL_0021_EDDIEBAKER-PANES-2-97-199x300.jpg 199w, https:\/\/eddiebakerbcn.com\/wp-content\/uploads\/2023\/11\/PORTFOLIO-ARTE-VERTICAL_0021_EDDIEBAKER-PANES-2-97-768x1156.jpg 768w, https:\/\/eddiebakerbcn.com\/wp-content\/uploads\/2023\/11\/PORTFOLIO-ARTE-VERTICAL_0021_EDDIEBAKER-PANES-2-97-600x903.jpg 600w, https:\/\/eddiebakerbcn.com\/wp-content\/uploads\/2023\/11\/PORTFOLIO-ARTE-VERTICAL_0021_EDDIEBAKER-PANES-2-97.jpg 900w\" sizes=\"(max-width: 680px) 100vw, 680px\" \/><\/figure><\/div>\n\n\n\n<blockquote class=\"wp-block-quote is-layout-flow wp-block-quote-is-layout-flow\"><\/blockquote>\n\n\n\n<div style=\"height:32px\" aria-hidden=\"true\" class=\"wp-block-spacer\"><\/div>\n\n\n\n<blockquote class=\"wp-block-quote is-layout-flow wp-block-quote-is-layout-flow\">\n<p><mark style=\"background-color:rgba(0, 0, 0, 0)\" class=\"has-inline-color has-neve-link-color-color\"><strong>SERVICIO DE SUSTITUCIONES:<\/strong> En ocasiones puedo ofrecer un refuerzo en cocina si tienes alguna baja inesperada o un pico de trabajo elevado de forma temporal.<\/mark><\/p>\n<\/blockquote>\n\n\n\n<hr class=\"wp-block-separator has-alpha-channel-opacity\"\/>\n\n\n\n<div style=\"height:32px\" aria-hidden=\"true\" class=\"wp-block-spacer\"><\/div>\n\n\n\n<div class=\"wp-block-media-text is-stacked-on-mobile\"><figure class=\"wp-block-media-text__media\"><img loading=\"lazy\" decoding=\"async\" width=\"680\" height=\"1024\" src=\"http:\/\/eddiebakerbcn.com\/wp-content\/uploads\/2023\/11\/PORTFOLIO-ARTE-VERTICAL_0006_PIZZA-CURSO-KINA-FOTO-8-680x1024.jpg\" alt=\"\" class=\"wp-image-423 size-full\" srcset=\"https:\/\/eddiebakerbcn.com\/wp-content\/uploads\/2023\/11\/PORTFOLIO-ARTE-VERTICAL_0006_PIZZA-CURSO-KINA-FOTO-8-680x1024.jpg 680w, https:\/\/eddiebakerbcn.com\/wp-content\/uploads\/2023\/11\/PORTFOLIO-ARTE-VERTICAL_0006_PIZZA-CURSO-KINA-FOTO-8-199x300.jpg 199w, https:\/\/eddiebakerbcn.com\/wp-content\/uploads\/2023\/11\/PORTFOLIO-ARTE-VERTICAL_0006_PIZZA-CURSO-KINA-FOTO-8-768x1156.jpg 768w, https:\/\/eddiebakerbcn.com\/wp-content\/uploads\/2023\/11\/PORTFOLIO-ARTE-VERTICAL_0006_PIZZA-CURSO-KINA-FOTO-8-600x903.jpg 600w, https:\/\/eddiebakerbcn.com\/wp-content\/uploads\/2023\/11\/PORTFOLIO-ARTE-VERTICAL_0006_PIZZA-CURSO-KINA-FOTO-8.jpg 900w\" sizes=\"(max-width: 680px) 100vw, 680px\" \/><\/figure><div class=\"wp-block-media-text__content\">\n<p class=\"has-large-font-size\"><strong>FOTOGRAF\u00cdA GASTRON\u00d3MICA<\/strong><\/p>\n\n\n\n<p>Una imagen vale mas que mil palabras, y cuando se trata de comida todav\u00eda mas. Para estas situaciones siempre colaboro con Marta Mauri, fot\u00f3grafa y directora de arte especializada en gastronom\u00eda y creadora de Kema Food Culture y Kema Food Academy, su estudio y academia de fotograf\u00eda.<\/p>\n\n\n\n<p>Ella se puede encargar de mejorar la imagen de tu negocio consiguiendo im\u00e1genes atractivas y de una gran calidad para poder dar el valor que se merece a tus productos y recetas. As\u00ed podr\u00e1s mejorar la imagen de tu proyecto y mejorar las ventas.<\/p>\n\n\n\n<p>Todas las im\u00e1genes que ves en mi web las ha hecho ella. Visita su web para ver todos sus trabajos y los clientes los que ha ayudado. <\/p>\n\n\n\n<div class=\"wp-block-buttons has-custom-font-size is-layout-flex wp-block-buttons-is-layout-flex\" style=\"font-size:15px\">\n<div class=\"wp-block-button is-style-primary\"><a class=\"wp-block-button__link wp-element-button\" href=\"https:\/\/kemafoodculture.com\/\" style=\"border-radius:0px\">KEMA FOOD CULTURE<\/a><\/div>\n<\/div>\n<\/div><\/div>\n\n\n\n<div style=\"height:61px\" aria-hidden=\"true\" class=\"wp-block-spacer\"><\/div>\n\n\n\n<div class=\"wp-block-group alignfull has-text-color has-background\" style=\"color:#000000;background-color:#ffffff\"><div class=\"wp-block-group__inner-container is-layout-flow wp-block-group-is-layout-flow\">\n<div style=\"height:0px\" aria-hidden=\"true\" class=\"wp-block-spacer\"><\/div>\n\n\n\n<div style=\"height:61px\" aria-hidden=\"true\" class=\"wp-block-spacer\"><\/div>\n\n\n\n<h2 class=\"wp-block-heading has-text-align-center\" id=\"schedule-a-visit\" style=\"font-size:59px;line-height:1.15\"><strong>Hablemos de tu proyecto<\/strong><\/h2>\n\n\n\n<p class=\"has-text-align-center\"><mark style=\"background-color:rgba(0, 0, 0, 0)\" class=\"has-inline-color has-nv-site-bg-color\">Si quieres que te ayude a crear nuevas recetas, t\u00e9cnicas de amasado, procesos de trabajo o que me encargue <\/mark><br><mark style=\"background-color:rgba(0, 0, 0, 0)\" class=\"has-inline-color has-nv-site-bg-color\">de tu masa madre<\/mark> <mark style=\"background-color:rgba(0, 0, 0, 0)\" class=\"has-inline-color has-nv-site-bg-color\">ponte en contacto  conmigo para que me puedas contar tus necesidades.<\/mark><\/p>\n\n\n\n<div class=\"wp-block-buttons is-content-justification-center is-layout-flex wp-container-core-buttons-is-layout-16018d1d wp-block-buttons-is-layout-flex\">\n<div class=\"wp-block-button is-style-primary\"><a class=\"wp-block-button__link has-small-font-size has-text-align-center has-custom-font-size wp-element-button\" href=\"https:\/\/eddiebakerbcn.com\/index.php\/contacto\/\" style=\"border-radius:73px\" rel=\"https:\/\/eddiebakerbcn.com\/index.php\/contacto\/\">Cont\u00e1ctame<\/a><\/div>\n<\/div>\n\n\n\n<div style=\"height:55px\" aria-hidden=\"true\" class=\"wp-block-spacer\"><\/div>\n<\/div><\/div>\n\n\n        <div\n            class=\"spotlight-instagram-feed\"\n            data-feed-var=\"486b8056\"\n            data-analytics=\"0\"\n            data-instance=\"708\"\n        >\n        <\/div>\n        <input type=\"hidden\" id=\"sli__f__486b8056\" data-json='{&quot;useCase&quot;:&quot;accounts&quot;,&quot;template&quot;:&quot;row&quot;,&quot;layout&quot;:&quot;grid&quot;,&quot;numColumns&quot;:{&quot;desktop&quot;:6,&quot;phone&quot;:3,&quot;tablet&quot;:5},&quot;highlightFreq&quot;:{&quot;desktop&quot;:7},&quot;sliderNumScrollPosts&quot;:{&quot;desktop&quot;:1},&quot;sliderInfinite&quot;:true,&quot;sliderLoop&quot;:false,&quot;sliderArrowPos&quot;:{&quot;desktop&quot;:&quot;inside&quot;},&quot;sliderArrowSize&quot;:{&quot;desktop&quot;:20},&quot;sliderArrowColor&quot;:{&quot;r&quot;:255,&quot;b&quot;:255,&quot;g&quot;:255,&quot;a&quot;:1},&quot;sliderArrowBgColor&quot;:{&quot;r&quot;:0,&quot;b&quot;:0,&quot;g&quot;:0,&quot;a&quot;:0.8},&quot;sliderAutoScroll&quot;:false,&quot;sliderAutoInterval&quot;:3,&quot;postOrder&quot;:&quot;date_desc&quot;,&quot;numPosts&quot;:{&quot;desktop&quot;:6,&quot;phone&quot;:3,&quot;tablet&quot;:5},&quot;linkBehavior&quot;:{&quot;desktop&quot;:&quot;lightbox&quot;},&quot;feedWidth&quot;:{&quot;desktop&quot;:0},&quot;feedHeight&quot;:{&quot;desktop&quot;:0},&quot;feedPadding&quot;:{&quot;desktop&quot;:0,&quot;tablet&quot;:0,&quot;phone&quot;:0},&quot;imgPadding&quot;:{&quot;desktop&quot;:0,&quot;tablet&quot;:0,&quot;phone&quot;:0},&quot;textSize&quot;:{&quot;desktop&quot;:0,&quot;tablet&quot;:0,&quot;phone&quot;:0},&quot;bgColor&quot;:{&quot;r&quot;:255,&quot;g&quot;:255,&quot;b&quot;:255,&quot;a&quot;:1},&quot;hoverInfo&quot;:[&quot;likes_comments&quot;,&quot;insta_link&quot;,&quot;date&quot;],&quot;textColorHover&quot;:{&quot;r&quot;:255,&quot;g&quot;:255,&quot;b&quot;:255,&quot;a&quot;:1},&quot;bgColorHover&quot;:{&quot;r&quot;:0,&quot;g&quot;:0,&quot;b&quot;:0,&quot;a&quot;:0.5},&quot;showHeader&quot;:{&quot;desktop&quot;:false},&quot;headerInfo&quot;:{&quot;desktop&quot;:[&quot;profile_pic&quot;,&quot;bio&quot;]},&quot;headerAccount&quot;:null,&quot;headerStyle&quot;:{&quot;desktop&quot;:&quot;normal&quot;,&quot;phone&quot;:&quot;centered&quot;},&quot;headerTextSize&quot;:{&quot;desktop&quot;:0},&quot;headerPhotoSize&quot;:{&quot;desktop&quot;:50},&quot;headerTextColor&quot;:{&quot;r&quot;:0,&quot;g&quot;:0,&quot;b&quot;:0,&quot;a&quot;:1},&quot;headerBgColor&quot;:{&quot;r&quot;:255,&quot;g&quot;:255,&quot;b&quot;:255,&quot;a&quot;:1},&quot;headerPadding&quot;:{&quot;desktop&quot;:0},&quot;customProfilePic&quot;:&quot;&quot;,&quot;customBioText&quot;:&quot;&quot;,&quot;includeStories&quot;:false,&quot;storiesInterval&quot;:5,&quot;showCaptions&quot;:{&quot;desktop&quot;:false,&quot;tablet&quot;:false},&quot;captionMaxLength&quot;:{&quot;desktop&quot;:0},&quot;captionRemoveDots&quot;:false,&quot;captionSize&quot;:{&quot;desktop&quot;:0},&quot;captionColor&quot;:{&quot;r&quot;:0,&quot;g&quot;:0,&quot;b&quot;:0,&quot;a&quot;:1},&quot;showLikes&quot;:{&quot;desktop&quot;:false,&quot;tablet&quot;:false},&quot;showComments&quot;:{&quot;desktop&quot;:false,&quot;tablet&quot;:false},&quot;lcIconSize&quot;:{&quot;desktop&quot;:14},&quot;likesIconColor&quot;:{&quot;r&quot;:0,&quot;g&quot;:0,&quot;b&quot;:0,&quot;a&quot;:1},&quot;commentsIconColor&quot;:{&quot;r&quot;:0,&quot;g&quot;:0,&quot;b&quot;:0,&quot;a&quot;:1},&quot;lightboxShowSidebar&quot;:false,&quot;lightboxCtaStyle&quot;:&quot;link&quot;,&quot;lightboxCtaDesign&quot;:{&quot;text&quot;:{&quot;color&quot;:{&quot;r&quot;:0,&quot;g&quot;:0,&quot;b&quot;:0,&quot;a&quot;:1},&quot;align&quot;:&quot;center&quot;},&quot;bgColor&quot;:{&quot;r&quot;:230,&quot;g&quot;:230,&quot;b&quot;:230,&quot;a&quot;:1},&quot;border&quot;:{&quot;radius&quot;:3}},&quot;numLightboxComments&quot;:50,&quot;showLoadMoreBtn&quot;:{&quot;desktop&quot;:false},&quot;loadMoreBtnDesign&quot;:{&quot;text&quot;:{&quot;color&quot;:{&quot;r&quot;:255,&quot;g&quot;:255,&quot;b&quot;:255,&quot;a&quot;:1},&quot;align&quot;:&quot;center&quot;},&quot;border&quot;:{&quot;radius&quot;:3},&quot;bgColor&quot;:{&quot;r&quot;:0,&quot;g&quot;:149,&quot;b&quot;:246,&quot;a&quot;:1},&quot;margin&quot;:{&quot;top&quot;:0,&quot;bottom&quot;:0,&quot;left&quot;:0,&quot;right&quot;:0}},&quot;loadMoreBtnText&quot;:&quot;Load more&quot;,&quot;loadMoreBtnScroll&quot;:true,&quot;autoload&quot;:false,&quot;showFollowBtn&quot;:{&quot;desktop&quot;:false,&quot;phone&quot;:false},&quot;followBtnText&quot;:&quot;Follow on Instagram&quot;,&quot;followBtnDesign&quot;:{&quot;text&quot;:{&quot;color&quot;:{&quot;r&quot;:255,&quot;g&quot;:255,&quot;b&quot;:255,&quot;a&quot;:1},&quot;align&quot;:&quot;center&quot;},&quot;border&quot;:{&quot;radius&quot;:3},&quot;bgColor&quot;:{&quot;r&quot;:0,&quot;g&quot;:149,&quot;b&quot;:246,&quot;a&quot;:1},&quot;margin&quot;:{&quot;top&quot;:0,&quot;bottom&quot;:0,&quot;left&quot;:0,&quot;right&quot;:0}},&quot;followBtnLocation&quot;:{&quot;desktop&quot;:&quot;header&quot;,&quot;phone&quot;:&quot;bottom&quot;},&quot;alignFooterButtons&quot;:{&quot;desktop&quot;:false},&quot;customCss&quot;:&quot;\\\/* Enter your custom CSS below *\\\/\\n\\n&quot;,&quot;accounts&quot;:[532],&quot;tagged&quot;:[],&quot;hashtags&quot;:[],&quot;mediaType&quot;:&quot;all&quot;,&quot;hashtagWhitelist&quot;:[],&quot;hashtagBlacklist&quot;:[],&quot;captionWhitelist&quot;:[],&quot;captionBlacklist&quot;:[],&quot;hashtagWhitelistSettings&quot;:true,&quot;hashtagBlacklistSettings&quot;:true,&quot;captionWhitelistSettings&quot;:true,&quot;captionBlacklistSettings&quot;:true,&quot;moderation&quot;:[],&quot;moderationMode&quot;:&quot;blacklist&quot;,&quot;promosVersion&quot;:2,&quot;promosEnabled&quot;:true,&quot;globalPromosEnabled&quot;:true,&quot;autoPromosEnabled&quot;:true,&quot;promoOverrides&quot;:[],&quot;feedPromo&quot;:{&quot;linkSource&quot;:{&quot;type&quot;:null},&quot;linkBehavior&quot;:{&quot;openNewTab&quot;:false,&quot;showPopupBox&quot;:false},&quot;linkText&quot;:&quot;&quot;},&quot;gaCampaignSource&quot;:&quot;&quot;,&quot;gaCampaignMedium&quot;:&quot;&quot;,&quot;gaCampaignName&quot;:&quot;&quot;,&quot;className&quot;:&quot;&quot;}' \/>\n        <input type=\"hidden\" id=\"sli__a__486b8056\" data-json='[{&quot;id&quot;:532,&quot;type&quot;:&quot;PERSONAL&quot;,&quot;userId&quot;:&quot;7062491320457273&quot;,&quot;username&quot;:&quot;eddiebaker.bcn&quot;,&quot;bio&quot;:&quot;&quot;,&quot;customBio&quot;:&quot;Edward Charls | Panadero &amp; Pizzaiolo\\nFermentaci\\u00f3n - Masa madre | Asesor\\\/Formador.\\nAyudo a clientes y alumnos a mejorar y desarrollar recetas y t\\u00e9cnicas para sus proyectos y restaurantes&quot;,&quot;profilePicUrl&quot;:&quot;&quot;,&quot;customProfilePicUrl&quot;:&quot;http:\\\/\\\/eddiebakerbcn.com\\\/wp-content\\\/uploads\\\/2023\\\/11\\\/PORTFOLIO-ARTE-VERTICAL_0038_SESION-PANES-EDWARD-69.jpg&quot;,&quot;mediaCount&quot;:&quot;68&quot;,&quot;followersCount&quot;:&quot;0&quot;,&quot;usages&quot;:[],&quot;creationDate&quot;:&quot;2023-11-14 16:32:38&quot;}]' \/>\n        <input type=\"hidden\" id=\"sli__m__486b8056\" data-json='[]' \/>\n        ","protected":false},"excerpt":{"rendered":"<p>MEJORA LA RENTABILIDAD DE TU PROYECTO Y LA CALIDAD DE TUS PRODUCTOS Y RECETAS He creado un servicio de asesoramiento gastron\u00f3mico profesional en constante evoluci\u00f3n con nuevas ideas, desarrollo de men\u00fas, m\u00e9todos para simplificar procesos y facilitar el ritmo a los equipos de trabajo en hosteler\u00cda, teniendo en cuenta sus prioridades particulares. Este es un&hellip;&nbsp;<a href=\"https:\/\/eddiebakerbcn.com\/index.php\/asesoriagastronomica\/\" rel=\"bookmark\">Read More &raquo;<span class=\"screen-reader-text\"><\/span><\/a><\/p>\n","protected":false},"author":1,"featured_media":0,"parent":0,"menu_order":0,"comment_status":"closed","ping_status":"closed","template":"","meta":{"om_disable_all_campaigns":false,"_monsterinsights_skip_tracking":false,"_monsterinsights_sitenote_active":false,"_monsterinsights_sitenote_note":"","_monsterinsights_sitenote_category":0,"neve_meta_sidebar":"","neve_meta_container":"","neve_meta_enable_content_width":"","neve_meta_content_width":0,"neve_meta_title_alignment":"","neve_meta_author_avatar":"","neve_post_elements_order":"","neve_meta_disable_header":"","neve_meta_disable_footer":"","neve_meta_disable_title":"","_themeisle_gutenberg_block_has_review":false,"footnotes":""},"class_list":["post-708","page","type-page","status-publish","hentry"],"aioseo_notices":[],"_links":{"self":[{"href":"https:\/\/eddiebakerbcn.com\/index.php\/wp-json\/wp\/v2\/pages\/708","targetHints":{"allow":["GET"]}}],"collection":[{"href":"https:\/\/eddiebakerbcn.com\/index.php\/wp-json\/wp\/v2\/pages"}],"about":[{"href":"https:\/\/eddiebakerbcn.com\/index.php\/wp-json\/wp\/v2\/types\/page"}],"author":[{"embeddable":true,"href":"https:\/\/eddiebakerbcn.com\/index.php\/wp-json\/wp\/v2\/users\/1"}],"replies":[{"embeddable":true,"href":"https:\/\/eddiebakerbcn.com\/index.php\/wp-json\/wp\/v2\/comments?post=708"}],"version-history":[{"count":22,"href":"https:\/\/eddiebakerbcn.com\/index.php\/wp-json\/wp\/v2\/pages\/708\/revisions"}],"predecessor-version":[{"id":2447,"href":"https:\/\/eddiebakerbcn.com\/index.php\/wp-json\/wp\/v2\/pages\/708\/revisions\/2447"}],"wp:attachment":[{"href":"https:\/\/eddiebakerbcn.com\/index.php\/wp-json\/wp\/v2\/media?parent=708"}],"curies":[{"name":"wp","href":"https:\/\/api.w.org\/{rel}","templated":true}]}}